{"id":57332,"date":"2021-12-23T07:55:19","date_gmt":"2021-12-23T06:55:19","guid":{"rendered":"https:\/\/ar3dp.de\/?page_id=57332"},"modified":"2022-02-13T08:02:12","modified_gmt":"2022-02-13T07:02:12","slug":"gcodeparsersharp","status":"publish","type":"page","link":"https:\/\/ar3dp.de\/en\/datenbanken-softwareloesungen\/nugets\/gcodeparsersharp\/","title":{"rendered":"GcodeParserSharp"},"content":{"rendered":"<h3 class=\"wp-block-heading\" id=\"version-1-0-7\">Version 1.0.7<\/h3>\n\n\n\n<p class=\"wp-block-paragraph\">Released on 2021-12-22<\/p>\n\n\n\n<ul class=\"wp-block-list\"><li>New: First release<\/li><\/ul>\n\n\n\n<h3 class=\"wp-block-heading\" id=\"version-1-0-7\">Version 1.0.8<\/h3>\n\n\n\n<p class=\"wp-block-paragraph\">Upcoming release<\/p>\n\n\n\n<ul class=\"wp-block-list\"><li>Aktualisiert: OctoPrint-Bibliothek auf den neusten Stand aktualisiert<\/li><li>Behoben: Schreibfehler in Klasse behoben<\/li><li>Fixed: Minor bugs fixed<\/li><\/ul>\n\n\n\n<p class=\"wp-block-paragraph\"><\/p>","protected":false},"excerpt":{"rendered":"<p>Version 1.0.7 Ver\u00f6ffentlicht am 2021-12-22 Neu: Erste Ver\u00f6ffentlichung Version 1.0.8 Ver\u00f6ffentlichung ausstehend Aktualisiert: OctoPrint-Bibliothek auf den neusten Stand aktualisiert Behoben: Schreibfehler in Klasse behoben Behoben: Kleinere Fehler behoben<\/p>","protected":false},"author":1,"featured_media":0,"parent":57313,"menu_order":0,"comment_status":"closed","ping_status":"closed","template":"template-terms-conditions.php","meta":{"_acf_changed":false,"_crdt_document":"","_front_options":"","footnotes":""},"class_list":["post-57332","page","type-page","status-publish","hentry"],"acf":[],"_links":{"self":[{"href":"https:\/\/ar3dp.de\/en\/wp-json\/wp\/v2\/pages\/57332","targetHints":{"allow":["GET"]}}],"collection":[{"href":"https:\/\/ar3dp.de\/en\/wp-json\/wp\/v2\/pages"}],"about":[{"href":"https:\/\/ar3dp.de\/en\/wp-json\/wp\/v2\/types\/page"}],"author":[{"embeddable":true,"href":"https:\/\/ar3dp.de\/en\/wp-json\/wp\/v2\/users\/1"}],"replies":[{"embeddable":true,"href":"https:\/\/ar3dp.de\/en\/wp-json\/wp\/v2\/comments?post=57332"}],"version-history":[{"count":0,"href":"https:\/\/ar3dp.de\/en\/wp-json\/wp\/v2\/pages\/57332\/revisions"}],"up":[{"embeddable":true,"href":"https:\/\/ar3dp.de\/en\/wp-json\/wp\/v2\/pages\/57313"}],"wp:attachment":[{"href":"https:\/\/ar3dp.de\/en\/wp-json\/wp\/v2\/media?parent=57332"}],"curies":[{"name":"wp","href":"https:\/\/api.w.org\/{rel}","templated":true}]}}